{"id":4110,"date":"2023-12-04T14:03:19","date_gmt":"2023-12-04T14:03:19","guid":{"rendered":"https:\/\/www.weshareenergy.lu\/?page_id=4110"},"modified":"2025-01-21T15:35:48","modified_gmt":"2025-01-21T15:35:48","slug":"weitere-informationen","status":"publish","type":"page","link":"https:\/\/www.weshareenergy.lu\/de\/weitere-informationen\/","title":{"rendered":"Weitere Informationen"},"content":{"rendered":"\n<div style=\"height:67px\" aria-hidden=\"true\" class=\"wp-block-spacer\"><\/div>\n\n\n<section class=\"bloc-hp-information sectionPadding\">\n    <div class=\"row\">\n        <div class=\"col-xs-12 is-text-center\">\n                                <h2 class=\"sizeh2 is-outset-bottom-none\">\n                        <span class=\"h2-title-black  reveal reveal-visible-1 up\">Haben Sie weitere Fragen?<\/span><br\/>                        <span class=\"h2-title-red reveal reveal-visible-2 up\">Hier finden Sie zus\u00e4tzliche Informationen!<\/span>                    <\/h1>\n                        <\/div>\n    <\/div>\n    <div class=\"row bottom-md\">\n                                            <div class=\"col-xs-12 col-md-3 is-inset-bottom-44 bloc-hp-information-bloc is-inset-bottom-48  is-inset-bottom-32-mobile is-text-center reveal reveal-visible-1 up\">\n                        <div class=\"bloc-hp-information-bloc-visuel\"><img decoding=\"async\" class=\"imgsmall\" ; alt=\"\" src=\"https:\/\/www.weshareenergy.lu\/wp-content\/uploads\/2023\/12\/myilr.svg\"><\/div>                        <h3 class=\"bloc-hp-information-bloc-title is-inset-top-12 is-text-center\">FAQ &#8211; myILR<\/h3>\n                        <p class=\"bloc-hp-information-bloc-text is-text-center\">Besuchen Sie unsere \u201eFrequently Asked Questions\u201c Webseite, um h\u00e4ufig gestellte Fragen und die entsprechenden Antworten zum Thema \u201eStrom teilen\u201c zu lesen.<\/p>\n\n                        <a href=\"https:\/\/myilr.lu\/de\/meine-fragen\/energie-de\/strom-erzeugen-selbst-verbrauchen-und-teilen\/\" target=\"_blank\" class=\"buttonSavoir learn-more\" aria-label=\"En savoir plus sur  FAQ - myILR\" rel=\"noopener\">\n                            <span class=\"circle\" aria-hidden=\"true\">\n                                <span class=\"icon arrow\"><\/span>\n                            <\/span>\n                            <span class=\"button-text\"> FAQ<\/span>\n                        <\/a>\n                    <\/div>\n                                    <div class=\"col-xs-12 col-md-3 is-inset-bottom-44 bloc-hp-information-bloc is-inset-bottom-48  is-inset-bottom-32-mobile is-text-center reveal reveal-visible-1 up\">\n                        <div class=\"bloc-hp-information-bloc-visuel\"><img decoding=\"async\" class=\"imgsmall\" ; alt=\"\" src=\"https:\/\/www.weshareenergy.lu\/wp-content\/uploads\/2024\/01\/KLIMAAGENCE_LOGO_RGB.png\"><\/div>                        <h3 class=\"bloc-hp-information-bloc-title is-inset-top-12 is-text-center\">Klima-Agence G.I.E.<\/h3>\n                        <p class=\"bloc-hp-information-bloc-text is-text-center\">Die \u201eKlima-Agence\u201c gibt Ihnen detaillierte Erkl\u00e4rungen zu den notwendigen Schritten und stellt Ihnen Musterdokumente f\u00fcr Statuten oder Verteilungsvereinbarungen zur Verf\u00fcgung.<\/p>\n\n                        <a href=\"https:\/\/klima-agence.lu\/de\" target=\"_blank\" class=\"buttonSavoir learn-more\" aria-label=\"En savoir plus sur  Klima-Agence G.I.E.\" rel=\"noopener\">\n                            <span class=\"circle\" aria-hidden=\"true\">\n                                <span class=\"icon arrow\"><\/span>\n                            <\/span>\n                            <span class=\"button-text\"> Klima-Agence<\/span>\n                        <\/a>\n                    <\/div>\n                                    <div class=\"col-xs-12 col-md-3 is-inset-bottom-44 bloc-hp-information-bloc is-inset-bottom-48  is-inset-bottom-32-mobile is-text-center reveal reveal-visible-1 up\">\n                        <div class=\"bloc-hp-information-bloc-visuel\"><img decoding=\"async\" class=\"imgsmall\" ; alt=\"\" src=\"https:\/\/www.weshareenergy.lu\/wp-content\/uploads\/2024\/11\/Leneda-baseline-logo.png\"><\/div>                        <h3 class=\"bloc-hp-information-bloc-title is-inset-top-12 is-text-center\">Leneda<\/h3>\n                        <p class=\"bloc-hp-information-bloc-text is-text-center\">\u201eLeneda\u201c ist die nationale Energiedatenplattform, die entwickelt wurde, um alle energiebezogenen Verwaltungsvorg\u00e4nge der luxemburgischen B\u00fcrger zu vereinfachen und sicherer zu machen.<\/p>\n\n                        <a href=\"https:\/\/leneda.eu\/de\/\" target=\"_blank\" class=\"buttonSavoir learn-more\" aria-label=\"En savoir plus sur  Leneda\" rel=\"noopener\">\n                            <span class=\"circle\" aria-hidden=\"true\">\n                                <span class=\"icon arrow\"><\/span>\n                            <\/span>\n                            <span class=\"button-text\"> Leneda<\/span>\n                        <\/a>\n                    <\/div>\n                                    <div class=\"col-xs-12 col-md-3 is-inset-bottom-44 bloc-hp-information-bloc is-inset-bottom-48  is-inset-bottom-32-mobile is-text-center reveal reveal-visible-1 up\">\n                        <div class=\"bloc-hp-information-bloc-visuel\"><img decoding=\"async\"  alt=\"\" src=\"https:\/\/www.weshareenergy.lu\/wp-content\/uploads\/2025\/01\/Creos_logo.svg\"><\/div>                        <h3 class=\"bloc-hp-information-bloc-title is-inset-top-12 is-text-center\">Creos<\/h3>\n                        <p class=\"bloc-hp-information-bloc-text is-text-center\">Auf der Webseite des gr\u00f6\u00dften Stromnetzbetreibers des Landes finden Sie zahlreiche weiterf\u00fchrende hilfreiche Informationen betreffend dem Eigenverbrauch wie auch f\u00fcr das Teilen von elektrischer Energie.<\/p>\n\n                        <a href=\"https:\/\/www.creos-net.lu\/de\/privatkunden\/stromanschluss\/ich-teile-meine-energie\" target=\"_blank\" class=\"buttonSavoir learn-more\" aria-label=\"En savoir plus sur  Creos\" rel=\"noopener\">\n                            <span class=\"circle\" aria-hidden=\"true\">\n                                <span class=\"icon arrow\"><\/span>\n                            <\/span>\n                            <span class=\"button-text\"> Creos<\/span>\n                        <\/a>\n                    <\/div>\n                \n            <\/div>\n<\/section>\n\n<section class=\"bloc-pg-contenu is-inset-top-60 is-inset-bottom-60 is-inset-top-12-mobile is-inset-bottom-24-mobile bloc-relative\">\n    <div class=\"row top-xs \">\n        <div class=\"col-xs-10 col-xs-offset-1 col-md-offset-0   col-md-4  is-inset-bottom-24-mobile reveal reveal-visible-1\">\n            <div class=\"bloc-pg-contenu-visuel\">\n                                    <img decoding=\"async\" src=\"https:\/\/www.weshareenergy.lu\/wp-content\/uploads\/2023\/12\/pic-fixe.svg\" alt=\"\">\n                                    <\/div>\n                <div class=\"bg-grey-top\"><\/div>\n        <\/div>\n        \n        <div class=\"col-xs-12 col-md-8 zindex1 reveal reveal-visible-1 up\">\n                        <h1 class=\"bloc-pg-contenu-title\">HERUNTERLADEN<\/h1>               \n                        <div class=\"bloc-pg-contenu-text\"><p><strong>VEREINBARUNGEN<\/strong><\/p>\n<p>Sie k\u00f6nnen die Vereinbarungen zum Eigenverbrauch und zur gemeinsamen Nutzung von Strom herunterladen, indem Sie auf die untenstehenden Links klicken:<\/p>\n<ul>\n<li><a href=\"https:\/\/www.weshareenergy.lu\/wp-content\/uploads\/2024\/02\/20240202_GRD_Convention_AC.pdf\" target=\"_blank\" rel=\"noopener\">Vereinbarung zum Eigenverbrauch f\u00fcr gemeinsam handelnde Eigenverbraucher von erneuerbaren Energien (AC)<\/a><\/li>\n<li><a href=\"https:\/\/www.weshareenergy.lu\/wp-content\/uploads\/2024\/02\/20240202_GRD_Convention_CE.pdf\" target=\"_blank\" rel=\"noopener\">Vereinbarung zur gemeinsamen Nutzung von Strom f\u00fcr eine Energiegemeinschaft (CE)<\/a><\/li>\n<\/ul>\n<p>&nbsp;<\/p>\n<p><strong>LASTKURVE<\/strong><\/p>\n<ul>\n<li><a href=\"https:\/\/www.weshareenergy.lu\/wp-content\/uploads\/2023\/12\/ILR-TEMPLATE.xlsx\" target=\"_blank\" rel=\"noopener\">Herunterladen einer <strong>Vorlage<\/strong> f\u00fcr einen leeren Lastgang.<\/a><\/li>\n<\/ul>\n<\/div>                    <\/div>  \n    <\/div>\n<\/section>","protected":false},"excerpt":{"rendered":"","protected":false},"author":1,"featured_media":0,"parent":0,"menu_order":5,"comment_status":"closed","ping_status":"closed","template":"","meta":{"_acf_changed":false,"footnotes":""},"class_list":["post-4110","page","type-page","status-publish","hentry"],"acf":[],"_links":{"self":[{"href":"https:\/\/www.weshareenergy.lu\/de\/wp-json\/wp\/v2\/pages\/4110","targetHints":{"allow":["GET"]}}],"collection":[{"href":"https:\/\/www.weshareenergy.lu\/de\/wp-json\/wp\/v2\/pages"}],"about":[{"href":"https:\/\/www.weshareenergy.lu\/de\/wp-json\/wp\/v2\/types\/page"}],"author":[{"embeddable":true,"href":"https:\/\/www.weshareenergy.lu\/de\/wp-json\/wp\/v2\/users\/1"}],"replies":[{"embeddable":true,"href":"https:\/\/www.weshareenergy.lu\/de\/wp-json\/wp\/v2\/comments?post=4110"}],"version-history":[{"count":11,"href":"https:\/\/www.weshareenergy.lu\/de\/wp-json\/wp\/v2\/pages\/4110\/revisions"}],"predecessor-version":[{"id":4661,"href":"https:\/\/www.weshareenergy.lu\/de\/wp-json\/wp\/v2\/pages\/4110\/revisions\/4661"}],"wp:attachment":[{"href":"https:\/\/www.weshareenergy.lu\/de\/wp-json\/wp\/v2\/media?parent=4110"}],"curies":[{"name":"wp","href":"https:\/\/api.w.org\/{rel}","templated":true}]}}