{"id":4105,"date":"2023-12-04T13:53:51","date_gmt":"2023-12-04T13:53:51","guid":{"rendered":"https:\/\/www.weshareenergy.lu\/?page_id=4105"},"modified":"2025-08-12T11:08:19","modified_gmt":"2025-08-12T11:08:19","slug":"rechtliche-basis","status":"publish","type":"page","link":"https:\/\/www.weshareenergy.lu\/de\/rechtliche-basis\/","title":{"rendered":"Rechtliche Basis"},"content":{"rendered":"<section class=\"bloc-pg-contenu is-inset-top-60 is-inset-bottom-60 is-inset-top-12-mobile is-inset-bottom-24-mobile bloc-relative\">\n    <div class=\"row top-xs \">\n        <div class=\"col-xs-10 col-xs-offset-1 col-md-offset-0   col-md-4  is-inset-bottom-24-mobile reveal reveal-visible-1\">\n            <div class=\"bloc-pg-contenu-visuel\">\n                                    <img decoding=\"async\" src=\"https:\/\/www.weshareenergy.lu\/wp-content\/uploads\/2023\/08\/graph-page-demarches-administratives-1.svg\" alt=\"\">\n                                    <\/div>\n                <div class=\"bg-grey-top\"><\/div>\n        <\/div>\n        \n        <div class=\"col-xs-12 col-md-8 zindex1 reveal reveal-visible-1 up\">\n                        <h1 class=\"bloc-pg-contenu-title\">Rechtliche Basis<\/h1>            <p class=\"bloc-pg-contenu-sstitle\">Jeder, der eine Solaranlage auf seinem Dach hat, kann seinen Strom mit anderen Personen teilen<\/p>   \n                        <div class=\"bloc-pg-contenu-text\"><p>Mit dem Inkrafttreten des <a href=\"https:\/\/legilux.public.lu\/eli\/etat\/leg\/loi\/2023\/06\/09\/a288\/jo\" target=\"_blank\" rel=\"noopener\">Gesetzes (Loi du 9 juin 2023 modifiant la Loi du 1er ao\u00fbt 2007 relative \u00e0 l\u2019organisation du march\u00e9 de l\u2019\u00e9lectricit\u00e9)<\/a>, k\u00f6nnen die Besitzer von Erzeugungsanlagen nun beschlie\u00dfen, ihre \u00fcbersch\u00fcssige elektrische Energie nicht direkt in das Stromverteilungsnetz einzuspeisen, sondern stattdessen einer Verteilgruppe beizutreten und ihren Strom mit Anderen zu teilen, d.h. mit unmittelbaren Nachbarn oder mit Personen, die weiter entfernt wohnen.<\/p>\n<\/div>                            <button class=\"box-toggle bloc-pg-contenu-button\">\n                    <span class=\"button-plus\">Mehr erfahren<\/span>\n                    <span class=\"button-moins is-hidden\">Weniger Informationen<\/span>\n                <\/button>\n                <div class=\"bloc-pg-contenu-text-read\" style=\"display:none;\">\n                    <p>Damit dies funktioniert, bedarf es klarer Regeln, die insbesondere festlegen :<\/p>\n<ul>\n<li>wie und zwischen wem Strom geteilt werden kann;<\/li>\n<li>wie die Aufteilung innerhalb einer Verteilgruppe berechnet wird;<\/li>\n<li>die Pflichten und Rechte der:\n<ul>\n<li>Verbraucher;<\/li>\n<li>Betreiber von Erzeugungsanlagen;<\/li>\n<li>Betreiber von Verteilernetzen (im Folgenden &#8222;Netzbetreiber&#8220;);<\/li>\n<li>Energiegemeinschaften.<\/li>\n<\/ul>\n<\/li>\n<\/ul>\n<p>All diese Regeln, Rechte und Pflichten sind in den Artikeln 8<em>ter<\/em> und 8<em>quater<\/em> des Gesetzes (Loi du 9 juin 2023 modifiant la Loi du 1er ao\u00fbt 2007 relative \u00e0 l\u2019organisation du march\u00e9 de l\u2019\u00e9lectricit\u00e9) festgelegt.<\/p>\n<p>Das Institut Luxembourgeois de R\u00e9gulation (ILR) hat den Rahmen festgelegt, in dem die Mitglieder einer Verteilgruppe ihre elektrische Energie untereinander teilen k\u00f6nnen:<\/p>\n<ul>\n<li><a href=\"https:\/\/legilux.public.lu\/eli\/etat\/leg\/rilr\/2024\/02\/05\/a46\/jo\" target=\"_blank\" rel=\"noopener\">R\u00e8glement ILR\/E24\/1 du 05 f\u00e9vrier 2024<\/a> \u200barr\u00eatant le mod\u00e8le de r\u00e9partition statique et simple pour le partage de l\u2019\u00e9nergie \u00e9lectrique produite.<\/li>\n<li><a href=\"https:\/\/www.ilr.lu\/cadre-legal\/decision-ilr-e24-2-du-05-fevrier-2024-2\/\" target=\"_blank\" rel=\"noopener\">D\u00e9cision ILR\/E24\/2 du 05 f\u00e9vrier 2024<\/a> portant acceptation de la convention-type d\u2019autoconsommation pour les autoconsommateurs d\u2019\u00e9nergies renouvelables agissant de mani\u00e8re collective.<\/li>\n<li><a href=\"https:\/\/www.ilr.lu\/cadre-legal\/decision-ilr-e24-3-du-05-fevrier-2024-2\/\" target=\"_blank\" rel=\"noopener\">D\u00e9cision ILR\/E24\/3 du 05 f\u00e9vrier 2024<\/a> \u200bportant acceptation de la convention-type de partage d\u2019\u00e9lectricit\u00e9 pour une communaut\u00e9 \u00e9nerg\u00e9tique.<\/li>\n<\/ul>\n                                <\/div>        <\/div>  \n    <\/div>\n<\/section>","protected":false},"excerpt":{"rendered":"","protected":false},"author":1,"featured_media":0,"parent":0,"menu_order":9,"comment_status":"closed","ping_status":"closed","template":"","meta":{"_acf_changed":false,"footnotes":""},"class_list":["post-4105","page","type-page","status-publish","hentry"],"acf":[],"_links":{"self":[{"href":"https:\/\/www.weshareenergy.lu\/de\/wp-json\/wp\/v2\/pages\/4105","targetHints":{"allow":["GET"]}}],"collection":[{"href":"https:\/\/www.weshareenergy.lu\/de\/wp-json\/wp\/v2\/pages"}],"about":[{"href":"https:\/\/www.weshareenergy.lu\/de\/wp-json\/wp\/v2\/types\/page"}],"author":[{"embeddable":true,"href":"https:\/\/www.weshareenergy.lu\/de\/wp-json\/wp\/v2\/users\/1"}],"replies":[{"embeddable":true,"href":"https:\/\/www.weshareenergy.lu\/de\/wp-json\/wp\/v2\/comments?post=4105"}],"version-history":[{"count":7,"href":"https:\/\/www.weshareenergy.lu\/de\/wp-json\/wp\/v2\/pages\/4105\/revisions"}],"predecessor-version":[{"id":4944,"href":"https:\/\/www.weshareenergy.lu\/de\/wp-json\/wp\/v2\/pages\/4105\/revisions\/4944"}],"wp:attachment":[{"href":"https:\/\/www.weshareenergy.lu\/de\/wp-json\/wp\/v2\/media?parent=4105"}],"curies":[{"name":"wp","href":"https:\/\/api.w.org\/{rel}","templated":true}]}}