{"id":4096,"date":"2023-08-10T13:45:39","date_gmt":"2023-08-10T13:45:39","guid":{"rendered":"https:\/\/www.weshareenergy.lu\/?page_id=4096"},"modified":"2026-03-16T11:37:20","modified_gmt":"2026-03-16T11:37:20","slug":"programm","status":"publish","type":"page","link":"https:\/\/www.weshareenergy.lu\/de\/programm\/","title":{"rendered":"Programm"},"content":{"rendered":"<section class=\"bloc-pg-contenu is-inset-top-60 is-inset-bottom-60 is-inset-top-12-mobile is-inset-bottom-24-mobile bloc-relative\">\n    <div class=\"row top-xs \">\n        <div class=\"col-xs-10 col-xs-offset-1 col-md-offset-0   col-md-4  is-inset-bottom-24-mobile reveal reveal-visible-1\">\n            <div class=\"bloc-pg-contenu-visuel\">\n                                    <img decoding=\"async\" src=\"https:\/\/www.weshareenergy.lu\/wp-content\/uploads\/2024\/05\/graph-weshareenergy.svg\" alt=\"\">\n                                            <!-- STOP ANIMATION -->\n           \n                        <div class=\"input-toggle is-outset-top-12 is-inset-bottom-40-mobile zindex2\">\n                            <button type=\"button\" class=\"input-toggle-button\">\n                                <span class=\"sr-only\">Stopper l&#8217;animation<\/span>\n                                <div class=\"input-toggle-control control-play\"><\/div>\n                            <\/button>\n                        <\/div>\n                        <!-- END STOP ANIMATION -->\n                                    <\/div>\n                <div class=\"bg-grey-top\"><\/div>\n        <\/div>\n        \n        <div class=\"col-xs-12 col-md-8 zindex1 reveal reveal-visible-1 up\">\n                        <h1 class=\"bloc-pg-contenu-title\">We Share Energy<\/h1>            <p class=\"bloc-pg-contenu-sstitle\">Simulieren Sie die gemeinsame Nutzung von Strom und testen Sie die Regeln, nach denen Strom geteilt werden kann<\/p>   \n                        <div class=\"bloc-pg-contenu-text\"><p>\u201eWe Share Energy\u201c ist ein Programm, mit dem Sie auf Ihrem Computer simulieren k\u00f6nnen, wie Strom zwischen den Mitgliedern einer AC oder einer CE geteilt werden kann.<br \/>\nMit diesem Programm k\u00f6nnen Sie das Teilen von Strom mit Ihren Nachbarn und anderen Personen simulieren und die Regeln testen, nach denen Strom geteilt werden kann.<br \/>\nDiese Regeln k\u00f6nnen Sie dann Ihrem Netzbetreiber mitteilen.<\/p>\n<\/div>                            <button class=\"box-toggle bloc-pg-contenu-button\">\n                    <span class=\"button-plus\">Mehr erfahren<\/span>\n                    <span class=\"button-moins is-hidden\">Weniger Informationen<\/span>\n                <\/button>\n                <div class=\"bloc-pg-contenu-text-read\" style=\"display:none;\">\n                    <p>Jeder Verbraucher und jeder Betreiber einer Energieerzeugungsanlage in Luxemburg kann seine Verbrauchs- oder Produktionswerte auf der <a title=\"Luxembourg Energy Data Platform\" href=\"https:\/\/leneda.eu\/de\/\" target=\"_blank\" rel=\"noopener\">LENEDA<\/a> Plattform einsehen und von dort im digitalen CSV-Format herunterladen.<\/p>\n<p>Das Institut Luxembourgeois de R\u00e9gulation hat in Zusammenarbeit mit dem Luxembourg Institute of Science and Technology <a href=\"https:\/\/www.list.lu\/\" target=\"_blank\" rel=\"noopener\">(LIST)<\/a>, das Programm \u201eWe Share Energy\u201c entwickelt, mit welchem interessierte Nutzer des Stromnetzes herausfinden k\u00f6nnen, ob es f\u00fcr sie sinnvoll ist, ihren eigenen (selbst erzeugten) Strom selbst zu verbrauchen bzw. mit ihren Nachbarn zu teilen.<\/p>\n                                <\/div>        <\/div>  \n    <\/div>\n<\/section>\n\n<section class=\"bloc-hp-telechargement is-inset-bottom-100 is-outset-top-60\">\n    <div class=\"wrapper\">\n        <div class=\"row middle-xs\">\n            <div class=\"col-xs-12 col-md-7 reveal reveal-visible-1 up\">\n                <h2 class=\"bloc-hp-telechargement-title\">Programm herunterladen<\/h2>\n                                <div class=\"bloc-hp-telechargement-box-space\">\n                    <h3 class=\"bloc-hp-telechargement-sstitle is-inset-top-60\">Zur <u>Analyse<\/u> von <u>Produktions<\/u> &#038; <u>Verbrauchskurven<\/u> und zur Simulation von geteilter Energie<\/h3>\n                                        <span class=\"bloc-hp-telechargement-text is-inset-top-28 is-inset-bottom-16\"><p>Mithilfe dieses Programms k\u00f6nnen Sie verschiedene Lastkurven miteinander vergleichen und eine Verteilgruppe simulieren.<\/p>\n<p>F\u00fcr jeden POD k\u00f6nnen Parameter (Verteilungsschl\u00fcssel) definiert werden, mit denen der jeweilige Entnahme- oder Einspeisepunkt in der Verteilgruppe ber\u00fccksichtigt wird. \u201eWe Share Energy\u201c zeigt dann die Ergebnisse (Energiebilanzen) f\u00fcr den gew\u00e4hlten Berechnungszeitraum an (grafisch und in kWh-Werten).<\/p>\n<p>Die Anwendung funktioniert in vier Sprachen (LU\/FR\/DE\/EN) auf den Betriebssystemen Windows und MAC.<\/p>\n<\/span>\n\n                    <div class=\"row\">\n                                                                                                    <div class=\"col-xs is-inset-bottom-12-mobile bloc-hp-telechargement-bloc reveal reveal-visible-1 up is-inset-bottom-24\">\n                                <a href=\"https:\/\/www.weshareenergy.lu\/wp-content\/uploads\/2026\/03\/WeShareEnergy_WINDOWS.zip\" target=\"_blank\" class=\"button button-microsoft \" aria-label=\"T\u00e9l\u00e9charger l&#039;application en  Version 1.07\r\nMicrosoft Windows \">\n                                    <small>Version 1.07<\/small><br \/>\r\nMicrosoft Windows                                 <\/a>\n                            <\/div>\n                                                                                                    <div class=\"col-xs is-inset-bottom-12-mobile bloc-hp-telechargement-bloc reveal reveal-visible-1 up is-inset-bottom-24\">\n                                <a href=\"https:\/\/www.weshareenergy.lu\/wp-content\/uploads\/2026\/03\/WeShareEnergy_MAC_x86_64.zip\" target=\"_blank\" class=\"button button-apple \" aria-label=\"T\u00e9l\u00e9charger l&#039;application en  Version 1.07\r\nApple MacOS (INTEL)\">\n                                    <small>Version 1.07<\/small><br \/>\r\nApple MacOS (INTEL)                                <\/a>\n                            <\/div>\n                                                                                                    <div class=\"col-xs is-inset-bottom-12-mobile bloc-hp-telechargement-bloc reveal reveal-visible-1 up is-inset-bottom-24\">\n                                <a href=\"https:\/\/www.weshareenergy.lu\/wp-content\/uploads\/2026\/03\/WeShareEnergy_MAC_aarch64.zip\" target=\"_blank\" class=\"button button-apple \" aria-label=\"T\u00e9l\u00e9charger l&#039;application en  Version 1.07\r\nApple MacOS (ARM)\">\n                                    <small>Version 1.07<\/small><br \/>\r\nApple MacOS (ARM)                                <\/a>\n                            <\/div>\n                                                                                            <\/div>\n                    <div class=\"bloc-hp-telechargement-instruction is-inset-top-16 reveal reveal-visible-1 up\">\n                        <p>Die Installation erfolgt, indem Sie die ZIP-Datei einmalig auf Ihrem Computer entpacken; klicken Sie dann mit der rechten Maustaste auf die Datei \u201eWe Share Energy.exe\u201c (Windows) bzw. auf \u201eWe Share Energy.app\u201c (MAC).<\/p>\n<p><a href=\"https:\/\/www.weshareenergy.lu\/wp-content\/uploads\/2026\/03\/WeShareEnergy_Mode-d-emploi-4.pdf\" target=\"_blank\" rel=\"noopener\">Das Benutzerhandbuch f\u00fcr dieses Programm finden Sie HIER.<\/a><\/p>\n<p>Erkl\u00e4rvideo auf <a href=\"https:\/\/www.youtube.com\/watch?v=T_t8VwwyOHE\" target=\"_blank\" rel=\"noopener\">FRANZ\u00d6SISCH<\/a>, <a href=\"https:\/\/www.youtube.com\/watch?v=eQYd1Cdw_s4\" target=\"_blank\" rel=\"noopener\">DEUTSCH<\/a> und <a href=\"https:\/\/www.youtube.com\/watch?v=8pBJnND_MsM\" target=\"_blank\" rel=\"noopener\">ENGLISCH<\/a>.<\/p>\n                    <\/div>\n                <\/div>\n            <\/div>\n            <div class=\"col-xs-10 col-md-4 is-inset-top-20-mobile col-xs-offset-1 reveal reveal-visible-1 up\">\n                <div class=\"bloc-hp-telechargement-visuel bg-white-right\"><img decoding=\"async\" src=\"https:\/\/www.weshareenergy.lu\/wp-content\/uploads\/2023\/08\/graph-logiciel_v2.svg\"><\/div>\n            <\/div>\n        <\/div>\n    <\/div>\n<\/section>","protected":false},"excerpt":{"rendered":"","protected":false},"author":1,"featured_media":0,"parent":0,"menu_order":4,"comment_status":"closed","ping_status":"closed","template":"","meta":{"_acf_changed":false,"footnotes":""},"class_list":["post-4096","page","type-page","status-publish","hentry"],"acf":[],"_links":{"self":[{"href":"https:\/\/www.weshareenergy.lu\/de\/wp-json\/wp\/v2\/pages\/4096","targetHints":{"allow":["GET"]}}],"collection":[{"href":"https:\/\/www.weshareenergy.lu\/de\/wp-json\/wp\/v2\/pages"}],"about":[{"href":"https:\/\/www.weshareenergy.lu\/de\/wp-json\/wp\/v2\/types\/page"}],"author":[{"embeddable":true,"href":"https:\/\/www.weshareenergy.lu\/de\/wp-json\/wp\/v2\/users\/1"}],"replies":[{"embeddable":true,"href":"https:\/\/www.weshareenergy.lu\/de\/wp-json\/wp\/v2\/comments?post=4096"}],"version-history":[{"count":19,"href":"https:\/\/www.weshareenergy.lu\/de\/wp-json\/wp\/v2\/pages\/4096\/revisions"}],"predecessor-version":[{"id":5187,"href":"https:\/\/www.weshareenergy.lu\/de\/wp-json\/wp\/v2\/pages\/4096\/revisions\/5187"}],"wp:attachment":[{"href":"https:\/\/www.weshareenergy.lu\/de\/wp-json\/wp\/v2\/media?parent=4096"}],"curies":[{"name":"wp","href":"https:\/\/api.w.org\/{rel}","templated":true}]}}