{"id":4086,"date":"2023-08-07T10:33:47","date_gmt":"2023-08-07T10:33:47","guid":{"rendered":"https:\/\/www.weshareenergy.lu\/?page_id=4086"},"modified":"2024-09-02T15:04:19","modified_gmt":"2024-09-02T15:04:19","slug":"verteilungsschlussel","status":"publish","type":"page","link":"https:\/\/www.weshareenergy.lu\/de\/energie-teilen\/verteilungsschlussel\/","title":{"rendered":"Verteilungsschl\u00fcssel"},"content":{"rendered":"<section class=\"bloc-pg-contenu is-inset-top-60 is-inset-bottom-60 is-inset-top-12-mobile is-inset-bottom-24-mobile bloc-relative\">\n    <div class=\"row top-xs \">\n        <div class=\"col-xs-10 col-xs-offset-1 col-md-offset-0   col-md-4  is-inset-bottom-24-mobile reveal reveal-visible-1\">\n            <div class=\"bloc-pg-contenu-visuel\">\n                                    <img decoding=\"async\" src=\"https:\/\/www.weshareenergy.lu\/wp-content\/uploads\/2024\/01\/graph-groupes-de-partage_hp2.svg\" alt=\"\">\n                                    <\/div>\n                <div class=\"bg-grey-top\"><\/div>\n        <\/div>\n        \n        <div class=\"col-xs-12 col-md-8 zindex1 reveal reveal-visible-1 up\">\n                        <h1 class=\"bloc-pg-contenu-title\">Verteilungsschl\u00fcssel<\/h1>            <p class=\"bloc-pg-contenu-sstitle\">Die Regeln, nach denen die elektrische Energie unter den Mitgliedern einer Verteilgruppe aufgeteilt wird, werden durch Verteilungsschl\u00fcssel festgelegt<\/p>   \n                        <div class=\"bloc-pg-contenu-text\"><p>Im Rahmen der Vereinbarung mit dem Netzbetreiber legen Sie Regeln fest, wie der erzeugte Strom in einer AC oder CE verteilt wird.<\/p>\n<p>Es gibt mehrere M\u00f6glichkeiten:<\/p>\n<ul>\n<li><strong>Priorit\u00e4t<\/strong> bedeutet, dass der erzeugte Strom nach einer vordefinierten Reihenfolge zwischen den Mitgliedern der Verteilgruppe aufgeteilt wird.<\/li>\n<li><strong>Prozent<\/strong> bedeutet, dass ein Haushalt immer den gleichen Anteil des verf\u00fcgbaren Stroms erh\u00e4lt.<\/li>\n<li><strong>Pro Rata<\/strong> bedeutet, dass der Strom zwischen den Mitgliedern der AC oder CE entsprechend ihrem momentanen Verbrauch aufgeteilt wird.<\/li>\n<\/ul>\n<p>Die Verteilgruppe kann auch beschlie\u00dfen, den Strom nach spezifischen Regeln zu teilen, die dann in der Vereinbarung mit dem Netzbetreiber festgelegt werden m\u00fcssen.<\/p>\n<p>Die Regeln k\u00f6nnen jederzeit ge\u00e4ndert werden.<\/p>\n<\/div>                            <button class=\"box-toggle bloc-pg-contenu-button\">\n                    <span class=\"button-plus\">Mehr erfahren<\/span>\n                    <span class=\"button-moins is-hidden\">Weniger Informationen<\/span>\n                <\/button>\n                <div class=\"bloc-pg-contenu-text-read\" style=\"display:none;\">\n                    <p>Sobald ein POD einer Verteilgruppe zugeordnet ist, bestimmt der Netzbetreiber anhand der urspr\u00fcnglichen Z\u00e4hlwerte und der Verteilungsschl\u00fcssel die \u201eViertelstunden-Energiebilanzen\u201c, d.h. die Z\u00e4hlwerte, die sich nach dem Teilen f\u00fcr jeden POD ergeben.<\/p>\n<p>Dank der intelligenten Stromz\u00e4hler, die in jedem Haushalt installiert sind, wird die verbrauchte oder erzeugte elektrische Energie viertelst\u00fcndlich gemessen. Die Berechnung des zu teilenden Stroms basiert daher auf diesen Viertelstundenwerten.<\/p>\n<p>Es kann vorkommen, dass ein POD innerhalb einer Viertelstunde seinen gesamten Strom von der Verteilgruppe (der er angeh\u00f6rt) bezieht und dass derselbe POD innerhalb der n\u00e4chsten Viertelstunde Strom aus dem Netz beziehen muss, um seinen Bedarf zu decken. Es kann auch vorkommen, dass ein POD von einer Erzeugungsanlage zu einem bestimmten Zeitpunkt seine gesamte verf\u00fcgbare Energie mit den Mitgliedern der Verteilgruppe teilt und kurz darauf elektrische Energie in das Netz einspeist.<\/p>\n<p>Jeder Verbraucher-POD wird immer mit Energie versorgt, entweder von der Verteilgruppe oder \u00fcber das Netz. Ebenso wird der in einer Verteilgruppe erzeugte Strom entweder mit den Mitgliedern derselben geteilt oder in das Netz eingespeist. Es geht also keine Energie verloren.<\/p>\n<p>Die Regeln, nach denen die elektrische Energie zwischen den Mitgliedern einer Verteilgruppe aufgeteilt wird, werden durch <strong>Verteilungsschl\u00fcssel <\/strong>festgelegt.<\/p>\n<p>Eine Reihe von Viertelstundenwerten, die \u00fcber einen l\u00e4ngeren Zeitraum (Tag, Monat, Jahr) gemessen werden, wird als \u201eLastkurve\u201c bezeichnet.<\/p>\n<p>Als \u201eOriginalkurve\u201c wird die Lastkurve der urspr\u00fcnglichen Werte bezeichnet, die an einem POD (sei es ein Entnahmepunkt oder ein Einspeisepunkt) gemessen wurden. Die Lastkurve, die mit demselben POD nach Ber\u00fccksichtigung der Verteilungsschl\u00fcssel und der verf\u00fcgbaren oder geteilten Energie verbunden ist, wird hingegen als \u201eEnergiebilanz\u201c bezeichnet.<\/p>\n<p>Die Energiebilanzen werden f\u00fcr jede Viertelstunde auf der Grundlage von sogenannten \u201estatischen und einfachen\u201c Verteilungsschl\u00fcsseln berechnet. Das bedeutet, dass die Aufteilung der Energie innerhalb einer Verteilgruppe nicht auf der Grundlage von kumulierten Monats- oder Jahreswerten erfolgt, sondern dass die zu teilende Energie vom Netzbetreiber f\u00fcr jede Viertelstunde und f\u00fcr jeden POD individuell berechnet wird.<\/p>\n<ul>\n<li>Die von einer Erzeugungsanlage erzeugte Energie wird je nach dem aktuellen Energiebedarf der Verbraucher mit den einzelnen Entnahmepunkten geteilt. Je mehr Energie ein Entnahmepunkt einer Verteilgruppe zu einem bestimmten Zeitpunkt ben\u00f6tigt, desto mehr Energie erh\u00e4lt er proportional von der Erzeugungsanlage der Gruppe. Diese Form der Berechnung wird als \u201e<strong>Pro Rata<\/strong>\u201c bezeichnet.<\/li>\n<li>Wenn ein POD bei der Verteilung der Energie innerhalb einer Verteilgruppe bevorzugt behandelt werden soll, kann ihm eine \u201e<strong>Priorit\u00e4t<\/strong>\u201c zugewiesen werden. Ein Verbraucher-POD wird somit vor den anderen Entnahmepunkten derselben Verteilgruppe mit elektrischer Energie versorgt. Auch ein Produktions-POD kann priorit\u00e4r behandelt werden. In diesem Fall werden die Verbraucher der Verteilgruppe zuerst mit der elektrischen Energie der Erzeugungsanlage versorgt, die als priorit\u00e4r gekennzeichnet wurde, bevor die Energie der anderen Erzeugungsanlagen mit den Mitgliedern der Verteilgruppe geteilt wird. Die Verwendung des Priorit\u00e4tsschl\u00fcssels ist f\u00fcr alle Verbraucher-PODs und f\u00fcr alle Produktions-PODs optional.<\/li>\n<li>Als Alternative zur Priorit\u00e4t kann einem Verbraucher-POD ein \u201e<strong>Prozentsatz<\/strong>\u201c zugewiesen werden. In diesem Fall erh\u00e4lt der Verbraucher einen bestimmten Prozentsatz der elektrischen Energie, die in der Verteilgruppe zu diesem Zeitpunkt verf\u00fcgbar ist. Die Summe aller Prozents\u00e4tze darf 100 nicht \u00fcberschreiten, da es nicht m\u00f6glich ist, mehr Energie zwischen den Verbrauchern zu teilen, als von den Erzeugungsanlagen produziert wird, die dieser Verteilgruppe angeh\u00f6ren. W\u00e4hrend die Verwendung des Prozentschl\u00fcssels f\u00fcr Verbraucher-PODs optional m\u00f6glich ist, ist es nicht m\u00f6glich, einem Produktions-POD einen Prozentsatz zuzuweisen.<\/li>\n<\/ul>\n<div class=\"row\">\n<div class=\"col-xs-12 col-md-6\"><strong style=\"color: #404079;\">Verbraucher<\/strong><br \/>\n\n<table id=\"tablepress-3\" class=\"tablepress tablepress-id-3 table-consommateurs\">\n<thead>\n<tr class=\"row-1\">\n\t<th class=\"column-1\">POD<\/th><th class=\"column-2\">Priorit\u00e4t<\/th><th class=\"column-3\">%<\/th><th class=\"column-4\">Pro Rata<\/th>\n<\/tr>\n<\/thead>\n<tbody>\n<tr class=\"row-2\">\n\t<td class=\"column-1\">LUxxxx1<\/td><td class=\"column-2\">1<\/td><td class=\"column-3\"><\/td><td class=\"column-4\"><img decoding=\"async\" src=\"https:\/\/www.weshareenergy.lu\/wp-content\/uploads\/2023\/11\/check.svg\" alt=\"\" class=\"alignnone size-full wp-image-332\" \/><\/td>\n<\/tr>\n<tr class=\"row-3\">\n\t<td class=\"column-1\">LUxxxx2<\/td><td class=\"column-2\"><\/td><td class=\"column-3\">50<\/td><td class=\"column-4\"><img decoding=\"async\" src=\"https:\/\/www.weshareenergy.lu\/wp-content\/uploads\/2023\/11\/nocheck.svg\" alt=\"\" class=\"alignnone size-full wp-image-330\" \/><\/td>\n<\/tr>\n<tr class=\"row-4\">\n\t<td class=\"column-1\">LUxxxx2<\/td><td class=\"column-2\"><\/td><td class=\"column-3\">20<\/td><td class=\"column-4\"><img decoding=\"async\" src=\"https:\/\/www.weshareenergy.lu\/wp-content\/uploads\/2023\/11\/check.svg\" alt=\"\" class=\"alignnone size-full wp-image-332\" \/><\/td>\n<\/tr>\n<\/tbody>\n<\/table>\n<!-- #tablepress-3 from cache --><\/div>\n<div class=\"col-xs-12 col-md-6\"><strong style=\"color: #88e2bd;\">Produzenten<\/strong><br \/>\n\n<table id=\"tablepress-4\" class=\"tablepress tablepress-id-4 table-producteurs\">\n<thead>\n<tr class=\"row-1\">\n\t<th class=\"column-1\">POD<\/th><th class=\"column-2\">Priorit\u00e4t<\/th>\n<\/tr>\n<\/thead>\n<tbody>\n<tr class=\"row-2\">\n\t<td class=\"column-1\">LUxxxx4<\/td><td class=\"column-2\"><\/td>\n<\/tr>\n<tr class=\"row-3\">\n\t<td class=\"column-1\">LUxxxx5<\/td><td class=\"column-2\">1<\/td>\n<\/tr>\n<tr class=\"row-4\">\n\t<td class=\"column-1\">LUxxxx6<\/td><td class=\"column-2\"><\/td>\n<\/tr>\n<\/tbody>\n<\/table>\n<!-- #tablepress-4 from cache --><\/div>\n<\/div>\n<p>Der Netzbetreiber stellt das Muster einer Vereinbarung f\u00fcr eine AC und ein anderes f\u00fcr eine CE zur Verf\u00fcgung, die beide vom Institut Luxembourgeois de R\u00e9gulation genehmigt wurden. Wenn die Mitglieder einer Verteilgruppe dem Netzbetreiber ihre entsprechenden Verteilungsschl\u00fcssel \u00fcber ihre jeweilige Vereinbarung mitteilen, f\u00fchrt der Netzbetreiber die (automatisierte) Berechnung der resultierenden Energiebilanzen durch und \u00fcbermittelt diese an den Vertreter der Verteilgruppe.<\/p>\n<p style=\"text-align: center;\">***<\/p>\n<p>Eine Verteilgruppe ist jedoch nicht verpflichtet, die oben beschriebenen Standardschl\u00fcssel zu verwenden. Stattdessen hat jede AC und jede CE die M\u00f6glichkeit, ihre eigenen Regeln festzulegen, nach denen die gemeinsame Nutzung von elektrischer Energie innerhalb der Verteilgruppe funktionieren soll. In diesem Fall ist es Aufgabe der Verteilgruppe, die Energiebilanzen f\u00fcr jeden POD zu erstellen und dem Netzbetreiber die entsprechenden viertelst\u00fcndlichen Werte zu liefern, damit der Netzbetreiber die Werte \u00fcberpr\u00fcfen und entsprechend f\u00fcr jeden POD an die jeweiligen Lieferanten weiterleiten kann.<\/p>\n                                <\/div>        <\/div>  \n    <\/div>\n<\/section>\n\n\n<div style=\"height:10vh\" aria-hidden=\"true\" class=\"wp-block-spacer\"><\/div>\n","protected":false},"excerpt":{"rendered":"","protected":false},"author":1,"featured_media":0,"parent":4059,"menu_order":3,"comment_status":"closed","ping_status":"closed","template":"","meta":{"_acf_changed":false,"footnotes":""},"class_list":["post-4086","page","type-page","status-publish","hentry"],"acf":[],"_links":{"self":[{"href":"https:\/\/www.weshareenergy.lu\/de\/wp-json\/wp\/v2\/pages\/4086","targetHints":{"allow":["GET"]}}],"collection":[{"href":"https:\/\/www.weshareenergy.lu\/de\/wp-json\/wp\/v2\/pages"}],"about":[{"href":"https:\/\/www.weshareenergy.lu\/de\/wp-json\/wp\/v2\/types\/page"}],"author":[{"embeddable":true,"href":"https:\/\/www.weshareenergy.lu\/de\/wp-json\/wp\/v2\/users\/1"}],"replies":[{"embeddable":true,"href":"https:\/\/www.weshareenergy.lu\/de\/wp-json\/wp\/v2\/comments?post=4086"}],"version-history":[{"count":11,"href":"https:\/\/www.weshareenergy.lu\/de\/wp-json\/wp\/v2\/pages\/4086\/revisions"}],"predecessor-version":[{"id":4177,"href":"https:\/\/www.weshareenergy.lu\/de\/wp-json\/wp\/v2\/pages\/4086\/revisions\/4177"}],"up":[{"embeddable":true,"href":"https:\/\/www.weshareenergy.lu\/de\/wp-json\/wp\/v2\/pages\/4059"}],"wp:attachment":[{"href":"https:\/\/www.weshareenergy.lu\/de\/wp-json\/wp\/v2\/media?parent=4086"}],"curies":[{"name":"wp","href":"https:\/\/api.w.org\/{rel}","templated":true}]}}