{"id":4061,"date":"2023-08-04T13:19:09","date_gmt":"2023-08-04T13:19:09","guid":{"rendered":"https:\/\/www.weshareenergy.lu\/?page_id=4061"},"modified":"2024-09-16T11:58:01","modified_gmt":"2024-09-16T11:58:01","slug":"verteilgruppen","status":"publish","type":"page","link":"https:\/\/www.weshareenergy.lu\/de\/energie-teilen\/verteilgruppen\/","title":{"rendered":"Verteilgruppen"},"content":{"rendered":"<section class=\"bloc-pg-contenu is-inset-top-60 is-inset-bottom-60 is-inset-top-12-mobile is-inset-bottom-24-mobile bloc-relative\">\n    <div class=\"row top-xs \">\n        <div class=\"col-xs-10 col-xs-offset-1 col-md-offset-0   col-md-4  is-inset-bottom-24-mobile reveal reveal-visible-1\">\n            <div class=\"bloc-pg-contenu-visuel\">\n                                    <img decoding=\"async\" src=\"https:\/\/www.weshareenergy.lu\/wp-content\/uploads\/2024\/05\/graph-groupes-de-partage_anim_v2-2.svg\" alt=\"\">\n                                            <!-- STOP ANIMATION -->\n           \n                        <div class=\"input-toggle is-outset-top-12 is-inset-bottom-40-mobile zindex2\">\n                            <button type=\"button\" class=\"input-toggle-button\">\n                                <span class=\"sr-only\">Stopper l&#8217;animation<\/span>\n                                <div class=\"input-toggle-control control-play\"><\/div>\n                            <\/button>\n                        <\/div>\n                        <!-- END STOP ANIMATION -->\n                                    <\/div>\n                <div class=\"bg-grey-top\"><\/div>\n        <\/div>\n        \n        <div class=\"col-xs-12 col-md-8 zindex1 reveal reveal-visible-1 up\">\n                        <h1 class=\"bloc-pg-contenu-title\">Verteilgruppen<\/h1>            <p class=\"bloc-pg-contenu-sstitle\">Jeder Verbraucher mit Wohnsitz in Luxemburg hat das Recht, selbst erzeugten Strom auch selbst zu verbrauchen und mit anderen zu teilen<\/p>   \n                        <div class=\"bloc-pg-contenu-text\"><p>Sie k\u00f6nnen Ihren Strom mit anderen Personen teilen.<br \/>\nUm Ihren Strom mit Nachbarn im selben Geb\u00e4ude zu teilen, m\u00fcssen Sie Mitglied einer AC werden.<br \/>\nUm Ihren Strom mit anderen Personen zu teilen, die weiter entfernt wohnen, m\u00fcssen Sie Mitglied einer CE werden.<br \/>\nWenn Sie Ihren Strom teilen, sind Sie weniger abh\u00e4ngig von Ihrem Stromversorger und k\u00f6nnen Geld sparen.<\/p>\n<\/div>                            <button class=\"box-toggle bloc-pg-contenu-button\">\n                    <span class=\"button-plus\">Mehr erfahren<\/span>\n                    <span class=\"button-moins is-hidden\">Weniger Informationen<\/span>\n                <\/button>\n                <div class=\"bloc-pg-contenu-text-read\" style=\"display:none;\">\n                    <p>Jeder Verbraucher, unabh\u00e4ngig von seinem Wohnort in Luxemburg, hat das Recht, Eigenverbrauch zu betreiben bzw. eine Verteilgruppe zu gr\u00fcnden oder einer solchen beizutreten.<\/p>\n<p>Das Gesetz (Loi du 9 juin 2023 modifiant la Loi du 1er ao\u00fbt 2007 relative \u00e0 l\u2019organisation du march\u00e9 de l\u2019\u00e9lectricit\u00e9) sieht zwei M\u00f6glichkeiten vor, um elektrische Energie mit Anderen zu teilen:<\/p>\n<ul>\n<li>Entweder als Mitglied einer Gruppe von gemeinsam handelnden Eigenverbrauchern erneuerbarer Energien (Franz\u00f6sisch: \u201eAutoconsommateurs d\u2019\u00e9nergies renouvelables agissant de mani\u00e8re Collective\u201c oder \u201eAC\u201c);<\/li>\n<li>oder als Mitglied einer Energiegemeinschaft (Franz\u00f6sisch: \u201eCommunaut\u00e9 \u00c9nerg\u00e9tique\u201c oder \u201eCE\u201c).<\/li>\n<\/ul>\n<p>Die Netzbetreiber identifizieren Verbraucher und Erzeugungsanlagen unter anderem anhand von Lieferpunkten (Englisch: \u201ePoint Of Delivery\u201c oder \u201ePOD\u201c). Jeder POD ist einmalig und kann vom Netzbetreiber jederzeit anhand seiner Nummer eindeutig identifiziert und somit einem bestimmten Verbraucher oder einer bestimmten Erzeugungsanlage zugeordnet werden.<\/p>\n<p>Jeder Verbraucher muss f\u00fcr jeden seiner POD einen Liefervertrag mit einem Lieferanten haben. Das bedeutet, dass der Verbraucher einen Liefervertrag mit einem Lieferanten seiner Wahl abschlie\u00dfen muss, auch wenn er eine Erzeugungsanlage besitzt oder Mitglied einer Verteilgruppe ist. Dasselbe gilt f\u00fcr Verbraucher, die nur als Verbraucher einer Verteilgruppe beitreten (d.h. ohne im Besitz einer eigenen Erzeugungsanlage zu sein).<\/p>\n<p>Die Vorteile, sich einer Verteilgruppe anzuschlie\u00dfen, liegen auf der Hand: jede Kilowattstunde, die geteilt bzw. nicht aus dem Netz entnommen wird, muss nicht bei einem Lieferanten gekauft werden. Dies verringert die Abh\u00e4ngigkeit von Preisschwankungen auf dem Energiemarkt. Au\u00dferdem ist geteilter Strom von Steuern und Abgaben befreit. Man profitiert also von billigem, selbst erzeugtem Strom und wird trotzdem zuverl\u00e4ssig von seinem Stromversorger beliefert, wenn die eigene Erzeugungsanlage keinen oder nicht genug Strom produziert.<\/p>\n<p>Der Netzbetreiber misst die Entnahme- und Einspeisedaten und ermittelt unter Ber\u00fccksichtigung von Verteilungsschl\u00fcsseln die Energiebilanzen. Somit stellt der Stromlieferant f\u00fcr den Strom, der innerhalb der Verteilgruppe erzeugt und verbraucht wird, keine Rechnung aus.  <\/p>\n                                <\/div>        <\/div>  \n    <\/div>\n<\/section>\n\n<section class=\"bloc-pg-contenu is-inset-top-60 is-inset-bottom-60 is-inset-top-12-mobile is-inset-bottom-24-mobile bloc-relative\">\n    <div class=\"row top-xs reverse top-md\">\n        <div class=\"col-xs-10 addAlignOffsetReverse  col-md-4  is-inset-bottom-24-mobile reveal reveal-visible-1\">\n            <div class=\"bloc-pg-contenu-visuel\">\n                                    <img decoding=\"async\" src=\"https:\/\/www.weshareenergy.lu\/wp-content\/uploads\/2024\/05\/graph-AER-C-anim.svg\" alt=\"\">\n                                            <!-- STOP ANIMATION -->\n           \n                        <div class=\"input-toggle is-outset-top-12 is-inset-bottom-40-mobile zindex2\">\n                            <button type=\"button\" class=\"input-toggle-button\">\n                                <span class=\"sr-only\">Stopper l&#8217;animation<\/span>\n                                <div class=\"input-toggle-control control-play\"><\/div>\n                            <\/button>\n                        <\/div>\n                        <!-- END STOP ANIMATION -->\n                                    <\/div>\n                <div class=\"bg-grey-top\"><\/div>\n        <\/div>\n        \n        <div class=\"col-xs-12 col-md-8 zindex1 reveal reveal-visible-1 up\">\n                        <h1 class=\"bloc-pg-contenu-title\">AC<\/h1>            <p class=\"bloc-pg-contenu-sstitle\"><u>Gemeinsam handelnde Eigenverbraucher erneuerbarer Energien<\/u><\/p>   \n                        <div class=\"bloc-pg-contenu-text\"><p>Wenn Sie den Strom mit Ihren Nachbarn teilen m\u00f6chten, m\u00fcssen Sie Mitglied einer AC werden.<br \/>\nDazu m\u00fcssen Sie eine Vereinbarung (Franz\u00f6sisch: \u201eConvention\u201c) mit Ihrem Netzbetreiber unterzeichnen.<br \/>\nIn dieser Vereinbarung werden die Regeln f\u00fcr die gemeinsame Nutzung von Strom festgelegt.<br \/>\nWenn Sie m\u00f6chten, k\u00f6nnen Sie aus einer AC austreten.<\/p>\n<\/div>                            <button class=\"box-toggle bloc-pg-contenu-button\">\n                    <span class=\"button-plus\">Mehr erfahren<\/span>\n                    <span class=\"button-moins is-hidden\">Weniger Informationen<\/span>\n                <\/button>\n                <div class=\"bloc-pg-contenu-text-read\" style=\"display:none;\">\n                    <p>Wenn mehrere Netznutzer an derselben Adresse angemeldet sind, k\u00f6nnen sie eine AC bilden ohne eine Rechtsform gr\u00fcnden zu m\u00fcssen. Der erforderliche Verwaltungsaufwand ist also sehr gering.<\/p>\n<p>Auch k\u00f6nnen bis zu drei Netznutzer, die in einer Entfernung von bis zu 100 Metern leben, gemeinsam eine AC gr\u00fcnden.<\/p>\n<p>Um eine AC zu gr\u00fcnden, m\u00fcssen die interessierten Mitglieder eine Vereinbarung ausf\u00fcllen und diese bei ihrem Netzbetreiber einreichen. In dieser Vereinbarung werden die Regeln und Parameter festgelegt, nach denen der erzeugte Strom unter den Mitgliedern der Verteilgruppe aufgeteilt wird. Die Verteilgruppe kann diese Regeln sp\u00e4ter \u00e4ndern, z.B. wenn sie ihren eigenen Verbrauch optimieren m\u00f6chte oder wenn einzelne Verbraucher oder Erzeuger die Verteilgruppe verlassen oder ihr beitreten.<\/p>\n<p>Weder der Verbraucher noch der Eigent\u00fcmer der Erzeugungsanlage m\u00fcssen ihren bestehenden Stromliefervertrag \u00e4ndern oder k\u00fcndigen. Der Lieferant eines POD wird jedoch vom Netzbetreiber informiert, wenn dieser POD einer Verteilgruppe zugeordnet wird.<\/p>\n<p>Niemand kann gezwungen werden, sich einer Verteilgruppe anzuschlie\u00dfen, selbst wenn man in einem Geb\u00e4ude wohnt, in dem die meisten Bewohner einer Verteilgruppe angeh\u00f6ren. Es ist auch nicht verboten, mehrere Verteilgruppen an ein und derselben Adresse zu registrieren. Allerdings kann ein POD nicht gleichzeitig zwei verschiedenen ACs zugewiesen werden.<\/p>\n<p>Wenn ein Mitglied einer Verteilgruppe diese verlassen m\u00f6chte, kann es dies innerhalb der Fristen tun, die in der Vereinbarung zwischen der Verteilgruppe und dem Netzbetreiber festgelegt sind.<\/p>\n                                    <div class=\"bloc-pg-contenu-astuce\">\n                        <h3>Was muss ich tun, um eine AC zu gr\u00fcnden?<\/h3>                        <ul>\n<li>Die Mitglieder einer AC m\u00fcssen einen Vertreter benennen, der als Kontaktperson gegen\u00fcber dem Netzbetreiber auftritt.<\/li>\n<li>Alle Mitglieder einer AC m\u00fcssen eine daf\u00fcr vorgesehene <a href=\"https:\/\/www.weshareenergy.lu\/wp-content\/uploads\/2024\/02\/20240202_GRD_Convention_AC.pdf\" target=\"_blank\" rel=\"noopener\">Vereinbarung ausf\u00fcllen und unterzeichnen<\/a> und diese dem Netzbetreiber \u00fcbergeben.<\/li>\n<li>Auf der Grundlage der dem Netzbetreiber zur Verf\u00fcgung gestellten Informationen (PODs, Verteilungsschl\u00fcssel) leitet dieser so fr\u00fch wie m\u00f6glich das Teilen der elektrischen Energie ein.<\/li>\n<\/ul>\n                    <\/div>\n                                <\/div>        <\/div>  \n    <\/div>\n<\/section>\n\n<section class=\"bloc-pg-contenu is-inset-top-60 is-inset-bottom-60 is-inset-top-12-mobile is-inset-bottom-24-mobile bloc-relative\">\n    <div class=\"row top-xs \">\n        <div class=\"col-xs-10 col-xs-offset-1 col-md-offset-0   col-md-4  is-inset-bottom-24-mobile reveal reveal-visible-1\">\n            <div class=\"bloc-pg-contenu-visuel\">\n                                    <img decoding=\"async\" src=\"https:\/\/www.weshareenergy.lu\/wp-content\/uploads\/2024\/05\/graph-CER.svg\" alt=\"\">\n                                            <!-- STOP ANIMATION -->\n           \n                        <div class=\"input-toggle is-outset-top-12 is-inset-bottom-40-mobile zindex2\">\n                            <button type=\"button\" class=\"input-toggle-button\">\n                                <span class=\"sr-only\">Stopper l&#8217;animation<\/span>\n                                <div class=\"input-toggle-control control-play\"><\/div>\n                            <\/button>\n                        <\/div>\n                        <!-- END STOP ANIMATION -->\n                                    <\/div>\n                <div class=\"bg-grey-top\"><\/div>\n        <\/div>\n        \n        <div class=\"col-xs-12 col-md-8 zindex1 reveal reveal-visible-1 up\">\n                        <h1 class=\"bloc-pg-contenu-title\">CE<\/h1>            <p class=\"bloc-pg-contenu-sstitle\"><u>Energiegemeinschaft <\/u><\/p>   \n                        <div class=\"bloc-pg-contenu-text\"><p>Wenn Sie Ihren Strom mit anderen Personen au\u00dferhalb Ihres Hauses teilen m\u00f6chten, m\u00fcssen Sie Mitglied einer CE werden. Dazu m\u00fcssen Sie eine Vereinbarung (Franz\u00f6sisch: \u201eConvention\u201c) mit Ihrem Netzbetreiber unterzeichnen.<br \/>\nIn dieser Vereinbarung werden die Regeln f\u00fcr die gemeinsame Nutzung von Strom festgelegt.<br \/>\nSie k\u00f6nnen gleichzeitig Mitglied einer AC und einer CE sein.<br \/>\nDadurch k\u00f6nnen Sie den Strom zun\u00e4chst mit Ihren direkten Nachbarn und sp\u00e4ter auch mit anderen Personen au\u00dferhalb Ihrer Wohnung teilen.<br \/>\nWenn Sie m\u00f6chten, k\u00f6nnen Sie aus einem CE austreten.<\/p>\n<\/div>                            <button class=\"box-toggle bloc-pg-contenu-button\">\n                    <span class=\"button-plus\">Mehr erfahren<\/span>\n                    <span class=\"button-moins is-hidden\">Weniger Informationen<\/span>\n                <\/button>\n                <div class=\"bloc-pg-contenu-text-read\" style=\"display:none;\">\n                    <p>Wenn mehrere Netznutzer ihren Strom gemeinsam nutzen m\u00f6chten, k\u00f6nnen sie sich zu einer CE zusammenschlie\u00dfen. Eine CE muss immer in Form einer juristischen Person gegr\u00fcndet werden. Dar\u00fcber hinaus muss jeder POD-Inhaber, der seinen Strom innerhalb dieser Verteilgruppe teilen m\u00f6chte, Mitglied oder Anteilseigner dieser juristischen Person sein.<\/p>\n<p>Als Rechtsform bietet sich ein gemeinn\u00fctziger Verein oder eine Genossenschaft an. Der Grund daf\u00fcr ist, dass das Hauptziel einer Energiegemeinschaft darin besteht, ihren Mitgliedern \u00f6kologische, wirtschaftliche oder soziale Vorteile f\u00fcr die Gesellschaft zu bieten, und nicht, finanzielle Gewinne zu erzielen.<\/p>\n<p>Eine CE kann eine oder mehrere Verteilgruppen einrichten, indem sie die entsprechende(n) Vereinbarung(en) mit den jeweiligen Netzbetreibern unterzeichnet.<\/p>\n<p>Wenn die Verteilgruppe ausschlie\u00dflich aus PODs besteht, die sich im Niederspannungsnetz mit einer jeweiligen Entfernung von maximal 300 Metern befinden, spricht man von einer lokalen Verteilgruppe (Franz\u00f6sisch: \u201eGroupe de partage Local\u201c bzw. \u201eCE-L\u201c), ansonsten von einer nationalen Verteilgruppe (\u201eGroupe de partage National\u201c bzw. \u201eCE-N\u201c). Der Unterschied zwischen den beiden Arten von Verteilgruppen besteht darin, dass in der CE-L der geteilte Strom nicht dem Volumentarif f\u00fcr die Netznutzung unterliegt.<\/p>\n<p>Genau wie bei einer AC muss es f\u00fcr jeden POD, der zu einer CE geh\u00f6rt, einen Stromliefervertrag geben. In diesem Fall m\u00fcssen die Verteilungsschl\u00fcssel in der Vereinbarung zwischen der CE und dem Netzbetreiber festgelegt werden.<br \/>\nNiemand darf gezwungen werden, sich einer CE anzuschlie\u00dfen. Wenn ein Mitglied einer Verteilgruppe diese verlassen m\u00f6chte, kann es dies innerhalb der Fristen tun, die in der Vereinbarung zwischen der Verteilgruppe und dem Netzbetreiber festgelegt sind.<\/p>\n                                    <div class=\"bloc-pg-contenu-astuce\">\n                        <h3>Was muss ich tun, um eine CE zu gr\u00fcnden?<\/h3>                        <ul>\n<li>Die Mitglieder einer CE m\u00fcssen diese offiziell online beim Institut Luxembourgeois de R\u00e9gulation \u00fcber das \u201e<a href=\"https:\/\/guichet.ilr.lu\/ENE_CE231\/Controler?action=login&amp;documentId=Main&amp;mediaType=ji_html&amp;dialogAUTH=D3A22D59E3547C0703CEC5FDB4AEFA9ED3ED9B12D3938A35488EE3F0A3D82B74E8B9E648EE27D521A9E43F1693BFA3E4\" target=\"_blank\" rel=\"noopener\">Formulaire de notification pour la constitution ou une dissolution d\u2019une communaut\u00e9 \u00e9nerg\u00e9tique<\/a>\u201canmelden.<\/li>\n<li>Bitte beachten Sie, dass die juristische Person existieren muss, bevor Sie das obige Formular ausf\u00fcllen. Weitere Informationen zur Gr\u00fcndung einer juristischen Person finden Sie auf www.guichet.lu.<\/li>\n<li>Die Mitglieder einer CE m\u00fcssen einen Vertreter benennen, der gegen\u00fcber dem Netzbetreiber als Kontaktperson auftritt.<\/li>\n<li>Der Vertreter der CE muss eine daf\u00fcr vorgesehene <a href=\"https:\/\/www.weshareenergy.lu\/wp-content\/uploads\/2024\/02\/20240202_GRD_Convention_CE.pdf\" target=\"_blank\" rel=\"noopener\">Vereinbarung ausf\u00fcllen und unterzeichnen <\/a>und diese dem Netzbetreiber \u00fcbergeben.<\/li>\n<li>Auf der Grundlage der Informationen, welche dem Netzbetreiber zur Verf\u00fcgung gestellt wurden (PODs, Verteilungsschl\u00fcssel), leitet dieser so fr\u00fch wie m\u00f6glich das Teilen der elektrischen Energie ein.<\/li>\n<\/ul>\n                    <\/div>\n                                <\/div>        <\/div>  \n    <\/div>\n<\/section>\n\n<section class=\"bloc-pg-contenu is-inset-top-60 is-inset-bottom-60 is-inset-top-12-mobile is-inset-bottom-24-mobile bloc-relative\">\n    <div class=\"row top-xs reverse top-md\">\n        <div class=\"col-xs-10 addAlignOffsetReverse  col-md-4  is-inset-bottom-24-mobile reveal reveal-visible-1\">\n            <div class=\"bloc-pg-contenu-visuel\">\n                                    <img decoding=\"async\" src=\"https:\/\/www.weshareenergy.lu\/wp-content\/uploads\/2024\/01\/modele-partage.png\" alt=\"\">\n                                    <\/div>\n                <div class=\"bg-grey-top\"><\/div>\n        <\/div>\n        \n        <div class=\"col-xs-12 col-md-8 zindex1 reveal reveal-visible-1 up\">\n                        <h1 class=\"bloc-pg-contenu-title\">Hierarchisches Teilen<\/h1>            <p class=\"bloc-pg-contenu-sstitle\">Ein einzelner POD kann mehreren Verteilgruppen angeh\u00f6ren<\/p>   \n                        <div class=\"bloc-pg-contenu-text\"><p>Wenn der POD eines einzelnen Eigenverbrauchers von erneuerbaren Energien mehreren Verteilgruppen zugeordnet ist, erfolgt die Aufteilung der erzeugten elektrischen Energie zuerst auf AC-Ebene und danach, wenn \u00fcbersch\u00fcssige elektrische Energie vorhanden ist, auf lokaler Ebene (CE-L) und schlie\u00dflich auf nationaler Ebene (CE-N).<br \/>\nEin und derselbe POD kann maximal einer AC, einer CE auf lokaler Ebene (CE-L) und einer CE auf nationaler Ebene (CE-N) angeh\u00f6ren.<\/p>\n<\/div>                            <button class=\"box-toggle bloc-pg-contenu-button\">\n                    <span class=\"button-plus\">Mehr erfahren<\/span>\n                    <span class=\"button-moins is-hidden\">Weniger Informationen<\/span>\n                <\/button>\n                <div class=\"bloc-pg-contenu-text-read\" style=\"display:none;\">\n                    <p>Die \u00fcbersch\u00fcssige Energie wird demnach wie folgt aufgeteilt:<\/p>\n<ol>\n<li>\u00a0Zun\u00e4chst wird die lokal erzeugte Energie so weit wie m\u00f6glich von den Bewohnern des Geb\u00e4udes verbraucht, an welches die Erzeugungsanlage (in der nebenstehenden Abbildung eine Photovoltaikanlage) angeschlossen ist (individueller Eigenverbrauch oder AC, Stufe 1).<\/li>\n<li>\u00a0Wenn danach noch \u00fcbersch\u00fcssige Energie aus der Photovoltaik-Anlage \u00fcbrigbleibt, wird diese mit den Mitgliedern der CE-L geteilt (Ebene 2).<\/li>\n<li>\u00a0Wenn der Bedarf aller CE-L-Mitglieder gedeckt ist und immer noch \u00fcbersch\u00fcssige Energie aus der Photovoltaik-Anlage \u00fcbrig ist, wird diese mit der CE-N geteilt (Ebene 3).<\/li>\n<li>\u00a0Wenn danach immer noch elektrische Energie aus der Photovoltaik-Anlage \u00fcbrigbleibt, wird diese in das Netz eingespeist (Ebene 4).<\/li>\n<\/ol>\n<p>Dieser hierarchische Prozess der Aufteilung von elektrischer Energie gilt sowohl f\u00fcr die Einspeisepunkte (Erzeugung von elektrischer Energie) als auch f\u00fcr die Entnahmepunkte (Verbrauch von elektrischer Energie) in beide Richtungen. Das Modell f\u00f6rdert somit die lokale Nutzung der erzeugten elektrischen Energie, stellt sicher, dass keine Energie verloren geht und dass jeder POD jederzeit mit elektrischer Energie versorgt wird.<\/p>\n<p>Die erneuerbare Energie, welche zwischen den Mitgliedern einer AC und einer CE-L geteilt wird, ist befreit vom Volumentarif f\u00fcr die Netznutzung.<\/p>\n                                <\/div>        <\/div>  \n    <\/div>\n<\/section>\n\n\n<div style=\"height:10vh\" aria-hidden=\"true\" class=\"wp-block-spacer\"><\/div>\n","protected":false},"excerpt":{"rendered":"","protected":false},"author":1,"featured_media":0,"parent":4059,"menu_order":2,"comment_status":"closed","ping_status":"closed","template":"","meta":{"_acf_changed":false,"footnotes":""},"class_list":["post-4061","page","type-page","status-publish","hentry"],"acf":[],"_links":{"self":[{"href":"https:\/\/www.weshareenergy.lu\/de\/wp-json\/wp\/v2\/pages\/4061","targetHints":{"allow":["GET"]}}],"collection":[{"href":"https:\/\/www.weshareenergy.lu\/de\/wp-json\/wp\/v2\/pages"}],"about":[{"href":"https:\/\/www.weshareenergy.lu\/de\/wp-json\/wp\/v2\/types\/page"}],"author":[{"embeddable":true,"href":"https:\/\/www.weshareenergy.lu\/de\/wp-json\/wp\/v2\/users\/1"}],"replies":[{"embeddable":true,"href":"https:\/\/www.weshareenergy.lu\/de\/wp-json\/wp\/v2\/comments?post=4061"}],"version-history":[{"count":19,"href":"https:\/\/www.weshareenergy.lu\/de\/wp-json\/wp\/v2\/pages\/4061\/revisions"}],"predecessor-version":[{"id":4188,"href":"https:\/\/www.weshareenergy.lu\/de\/wp-json\/wp\/v2\/pages\/4061\/revisions\/4188"}],"up":[{"embeddable":true,"href":"https:\/\/www.weshareenergy.lu\/de\/wp-json\/wp\/v2\/pages\/4059"}],"wp:attachment":[{"href":"https:\/\/www.weshareenergy.lu\/de\/wp-json\/wp\/v2\/media?parent=4061"}],"curies":[{"name":"wp","href":"https:\/\/api.w.org\/{rel}","templated":true}]}}