{"id":4039,"date":"2023-08-03T08:02:13","date_gmt":"2023-08-03T08:02:13","guid":{"rendered":"https:\/\/www.weshareenergy.lu\/?page_id=4039"},"modified":"2026-03-16T11:31:16","modified_gmt":"2026-03-16T11:31:16","slug":"accueil","status":"publish","type":"page","link":"https:\/\/www.weshareenergy.lu\/de\/","title":{"rendered":"Accueil"},"content":{"rendered":"<section class=\"bloc-hp-banner sectionPadding is-inset-top-60 is-inset-top-60-mobile\" style=\"background: linear-gradient(180deg, rgb(240,253,255) 50%, rgb(255,255,255) 100%)\">\n    <div class=\"wrapper\" style=\"width:100%\">\n        <div class=\"row bloc-relative bloc-stretch\">\n            <div class=\"col-xs-12 is-text-center\">\n                                    <h1 class=\"sizeh2  is-inset-bottom-20\">\n                        <span class=\"h2-title-black  reveal reveal-visible-1 up\">Erzeugen Sie Ihren eigenen Strom?<\/span><br\/>                        <span class=\"h2-title-red reveal reveal-visible-2 up\">Teilen Sie diesen mit Ihren Nachbarn oder Freunden!<\/span>                    <\/h1>\n                                <button class=\"modal-toggle button is-big bloc-hp-banner-link is-inset-top-32\"><i class=\"fa fa-play\" aria-hidden=\"true\"><\/i> Video abspielen<\/button>            <\/div>\n            <div class=\"bloc-hp-banner-img\"><img decoding=\"async\" src=\"https:\/\/www.weshareenergy.lu\/wp-content\/uploads\/2023\/08\/weshareenergie_v2-2.svg\" class=\"svgAnimate\" alt=\"\"><\/div>\n                        <div class=\"controleanimationhp\">\n                <!-- STOP ANIMATION -->\n                <div class=\"input-toggle is-inset-bottom-40-mobile\">\n                    <button type=\"button\" class=\"input-toggle-button\">\n                        <span class=\"sr-only\">Stopper l&#8217;animation<\/span>\n                        <div class=\"input-toggle-control control-play\"><\/div>\n                    <\/button>\n                <\/div>\n\n                <!-- END STOP ANIMATION -->\n            <\/div>\n        <\/div>\n    <\/div>\n<\/section>\n\n <!-- The Modal -->\n<div class=\"modal modal-closed\" role=\"dialog\" aria-modal=\"true\" aria-label=\"Vid\u00e9o We Share Energy\">\n        <div class=\"modal-box\">\n            <button class=\"modal-close\">Fermer <i class=\"fa fa-close\" aria-hidden=\"true\"><\/i><\/button>\n            <iframe title=\"We Share Energy\" src=\"https:\/\/www.youtube.com\/embed\/NlSz6V2C_Ms?feature=oembed&#038;autoplay=0&#038;controls=1&#038;hd=1&#038;autohide=1&#038;mute=0&#038;loop=1&#038;disablekb=1&#038;fs=0&#038;modestbranding=0&#038;showinfo=0&#038;color=white&#038;theme=light&#038;rel=0\" allow=\"accelerometer; autoplay; clipboard-write; encrypted-media; gyroscope; picture-in-picture; web-share\" referrerpolicy=\"strict-origin-when-cross-origin\" allowfullscreen ><\/iframe>            \n                <button class=\"box-toggle bloc-pg-contenu-button is-outset-top-12\">\n                    <span class=\"button-plus\">Lire la t\u00e9l\u00e9description<\/span>\n                    <span class=\"button-moins is-hidden\">Fermer la t\u00e9l\u00e9description<\/span>\n                <\/button>\n                <div class=\"bloc-pg-contenu-text-read autoheight50\" style=\"display:none;\">\n                    <p>Die Energiewende schreitet voran und wir k\u00f6nnen alle daran teilhaben und davon profitieren!<\/p>\n<p>F\u00fcr Stromerzeuger gibt es jetzt eine neue M\u00f6glichkeit: das Teilen mit anderen.<\/p>\n<p>Dank Eigenverbrauch und dem Teilen ist es nun m\u00f6glich, erneuerbaren Strom dann zu verbrauchen, wenn er verf\u00fcgbar ist und so die Kosten f\u00fcr die Versorgung aus dem Netz zu vermeiden.<\/p>\n<p>Der Verbraucher wird somit unabh\u00e4ngiger von der Netzversorgung und den Schwankungen der Marktpreise.<\/p>\n<p>Sie sind gl\u00fccklicher Besitzer einer Photovoltaikanlage und m\u00f6chten Ihre Nachbarn oder Freunde gerne daran teilhaben lassen?<\/p>\n<p>Dann wenden Sie sich an Ihren Netzbetreiber, mit dem Ihre Verteilgruppe eine Vereinbarung zur Festlegung der Stromverteilungsschl\u00fcssel und zur Organisation des Datenaustauschs zwischen Mitgliedern unterzeichnet!<\/p>\n<p>Der gemeinsam genutzte Strom ist von den gesetzlichen Steuern und Geb\u00fchren befreit.<\/p>\n<p>Findet das Teilen auf lokaler Ebene statt, ist der geteilte erneuerbare Strom auch vom Volumentarif f\u00fcr die Netznutzung befreit.<\/p>\n<p>Weitere Informationen zum Teilen von Strom finden Sie unter www.weshareenergy.lu.<\/p>\n<p>weshareenergy.lu wurde entwickelt vom Institut Luxembourgeois de R\u00e9gulation.<\/p>\n                <\/div>\n                    <\/div>\n    <\/div>\n<div class=\"modal-overlay\"><\/div>\n\n\n<div style=\"height:10vh\" aria-hidden=\"true\" class=\"wp-block-spacer\"><\/div>\n\n\n\n<p class=\"has-text-align-center\">Besitzer einer Erzeugungsanlage (z.B. einer Photovoltaikanlage) k\u00f6nnen den von ihnen erzeugten Strom mit anderen Verbrauchern teilen.<\/p>\n\n\n\n<p class=\"has-text-align-center\">Folglich sind Sie nicht gezwungen, Ihren gesamten Strom von einem Lieferanten zu kaufen. Der geteilte Strom ist dabei sogar frei von Steuern und Abgaben !<\/p>\n\n\n\n<p class=\"has-text-align-center\">Mit dem Programm \u201e<strong>We Share Energy<\/strong>\u201c k\u00f6nnen Sie Ihre Verbrauchs- oder Produktionswerte einsehen und diese mit den Werten Ihrer Nachbarn vergleichen, um die elektrische Energie anschlie\u00dfend bestm\u00f6glich mit diesen zu teilen.<\/p>\n\n\n\n<p class=\"has-text-align-center\"><\/p>\n\n\n\n<div style=\"height:3vh\" aria-hidden=\"true\" class=\"wp-block-spacer\"><\/div>\n\n\n<section class=\"bloc-ele-button sectionPadding\">\n        <div class=\"row \">\n\n                    <div class=\"col-xs-12 col-md-6 is-text-right is-text-center-mobile is-inset-bottom-16-mobile\">\n                    <a href=\"https:\/\/www.weshareenergy.lu\/de\/energie-teilen\/verteilgruppen\/\" target=\"_blank\" class=\"button is-big\" ><span class=\"arrow-right\" aria-hidden=\"true\"><\/span> Mehr erfahren <\/a>\n            <\/div>\n                            <div class=\"col-xs-12 col-md-6 is-text-left is-text-center-mobile\">\n                    <a href=\"https:\/\/www.weshareenergy.lu\/de\/programm\/\" target=\"_blank\" class=\"button is-big\" ><span class=\"arrow-right\" aria-hidden=\"true\"><\/span> Das Programm herunterladen <\/a>\n            <\/div>\n                \n                    \n     \n        <\/div>\n<\/section>\n\n\n<div style=\"height:10vh\" aria-hidden=\"true\" class=\"wp-block-spacer\"><\/div>\n\n\n<section class=\"bloc-hp-information sectionPadding\">\n    <div class=\"row\">\n        <div class=\"col-xs-12 is-text-center\">\n                                <h2 class=\"sizeh2 is-outset-bottom-none\">\n                        <span class=\"h2-title-black  reveal reveal-visible-1 up\">Wie funktioniert <\/span><br\/>                        <span class=\"h2-title-red reveal reveal-visible-2 up\">das Teilen von Strom?<\/span>                    <\/h1>\n                        <\/div>\n    <\/div>\n    <div class=\"row bottom-md\">\n                                            <div class=\"col-xs-12 col-md-4 is-inset-bottom-44 bloc-hp-information-bloc is-inset-bottom-48  is-inset-bottom-32-mobile is-text-center reveal reveal-visible-1 up\">\n                        <div class=\"bloc-hp-information-bloc-visuel\"><img decoding=\"async\"  alt=\"\" src=\"https:\/\/www.weshareenergy.lu\/wp-content\/uploads\/2023\/08\/graph-groupes-de-partage_v2.svg\"><\/div>                        <h3 class=\"bloc-hp-information-bloc-title is-inset-top-12 is-text-center\">Verteilgruppen<\/h3>\n                        <p class=\"bloc-hp-information-bloc-text is-text-center\">Sie k\u00f6nnen Ihren Strom mit Anderen teilen, indem Sie eine Verteilgruppe gr\u00fcnden oder einer solchen beitreten.<\/p>\n\n                        <a href=\"https:\/\/www.weshareenergy.lu\/de\/energie-teilen\/verteilgruppen\/\" target=\"_blank\" class=\"buttonSavoir learn-more\" aria-label=\"En savoir plus sur  Verteilgruppen\">\n                            <span class=\"circle\" aria-hidden=\"true\">\n                                <span class=\"icon arrow\"><\/span>\n                            <\/span>\n                            <span class=\"button-text\"> Mehr erfahren<\/span>\n                        <\/a>\n                    <\/div>\n                                    <div class=\"col-xs-12 col-md-4 is-inset-bottom-44 bloc-hp-information-bloc is-inset-bottom-48  is-inset-bottom-32-mobile is-text-center reveal reveal-visible-1 up\">\n                        <div class=\"bloc-hp-information-bloc-visuel\"><img decoding=\"async\"  alt=\"\" src=\"https:\/\/www.weshareenergy.lu\/wp-content\/uploads\/2024\/01\/graph-groupes-de-partage_hp.svg\"><\/div>                        <h3 class=\"bloc-hp-information-bloc-title is-inset-top-12 is-text-center\">Verteilungsschl\u00fcssel<\/h3>\n                        <p class=\"bloc-hp-information-bloc-text is-text-center\">Die Regeln, nach denen die elektrische Energie zwischen den Mitgliedern einer Verteilgruppe geteilt wird, werden durch Verteilungsschl\u00fcssel festgelegt.<\/p>\n\n                        <a href=\"https:\/\/www.weshareenergy.lu\/de\/energie-teilen\/verteilungsschlussel\/\" target=\"_blank\" class=\"buttonSavoir learn-more\" aria-label=\"En savoir plus sur  Verteilungsschl\u00fcssel\">\n                            <span class=\"circle\" aria-hidden=\"true\">\n                                <span class=\"icon arrow\"><\/span>\n                            <\/span>\n                            <span class=\"button-text\"> Mehr erfahren<\/span>\n                        <\/a>\n                    <\/div>\n                                    <div class=\"col-xs-12 col-md-4 is-inset-bottom-44 bloc-hp-information-bloc is-inset-bottom-48  is-inset-bottom-32-mobile is-text-center reveal reveal-visible-1 up\">\n                        <div class=\"bloc-hp-information-bloc-visuel\"><img decoding=\"async\"  alt=\"\" src=\"https:\/\/www.weshareenergy.lu\/wp-content\/uploads\/2023\/08\/graph-demarches-administratives.svg\"><\/div>                        <h3 class=\"bloc-hp-information-bloc-title is-inset-top-12 is-text-center\">Rechtliche Basis<\/h3>\n                        <p class=\"bloc-hp-information-bloc-text is-text-center\">Jede Person, die \u00fcber eine Solaranlage auf ihrem Dach verf\u00fcgt, kann ihren Strom mit anderen Personen teilen.<\/p>\n\n                        <a href=\"https:\/\/www.weshareenergy.lu\/de\/rechtliche-basis\/\" target=\"_blank\" class=\"buttonSavoir learn-more\" aria-label=\"En savoir plus sur  Rechtliche Basis\">\n                            <span class=\"circle\" aria-hidden=\"true\">\n                                <span class=\"icon arrow\"><\/span>\n                            <\/span>\n                            <span class=\"button-text\"> Mehr erfahren<\/span>\n                        <\/a>\n                    <\/div>\n                \n            <\/div>\n<\/section>\n\n<section class=\"bloc-hp-telechargement is-inset-bottom-100 is-outset-top-60\">\n    <div class=\"wrapper\">\n        <div class=\"row middle-xs\">\n            <div class=\"col-xs-12 col-md-7 reveal reveal-visible-1 up\">\n                <h2 class=\"bloc-hp-telechargement-title\">Programm herunterladen<\/h2>\n                                <div class=\"bloc-hp-telechargement-box-space\">\n                    <h3 class=\"bloc-hp-telechargement-sstitle is-inset-top-60\">Zur <u>Analyse<\/u> von <u>Produktions<\/u> &#038; <u>Verbrauchskurven<\/u> und zur <u>Simulation<\/u> von geteilter Energie<\/h3>\n                                        <span class=\"bloc-hp-telechargement-text is-inset-top-28 is-inset-bottom-16\"><p>Mithilfe dieses Programms k\u00f6nnen Sie verschiedene Lastkurven miteinander vergleichen und eine Verteilgruppe simulieren.<\/p>\n<p>F\u00fcr jeden POD k\u00f6nnen Parameter (Verteilungsschl\u00fcssel) definiert werden, mit denen der jeweilige Entnahme- oder Einspeisepunkt in der Verteilgruppe ber\u00fccksichtigt wird. \u201eWe Share Energy\u201c zeigt dann die Ergebnisse (Energiebilanzen) f\u00fcr den gew\u00e4hlten Berechnungszeitraum an (grafisch und in kWh-Werten).<\/p>\n<p>Die Anwendung funktioniert in vier Sprachen (LU\/FR\/DE\/EN) auf den Betriebssystemen Windows und MAC.<\/p>\n<\/span>\n\n                    <div class=\"row\">\n                                                                                                    <div class=\"col-xs is-inset-bottom-12-mobile bloc-hp-telechargement-bloc reveal reveal-visible-1 up is-inset-bottom-24\">\n                                <a href=\"https:\/\/www.weshareenergy.lu\/wp-content\/uploads\/2026\/03\/WeShareEnergy_WINDOWS.zip\" target=\"_blank\"\n                                    class=\"button button-microsoft \"\n                                    aria-label=\"T\u00e9l\u00e9charger l'application en  Version 1.07\r\nMicrosoft Windows \">\n                                    <small>Version 1.07<\/small><br \/>\r\nMicrosoft Windows                                 <\/a>\n                            <\/div>\n                                                                                                    <div class=\"col-xs is-inset-bottom-12-mobile bloc-hp-telechargement-bloc reveal reveal-visible-1 up is-inset-bottom-24\">\n                                <a href=\"https:\/\/www.weshareenergy.lu\/wp-content\/uploads\/2026\/03\/WeShareEnergy_MAC_x86_64.zip\" target=\"_blank\"\n                                    class=\"button button-apple \"\n                                    aria-label=\"T\u00e9l\u00e9charger l'application en  Version 1.07\r\nApple MacOS (INTEL)\">\n                                    <small>Version 1.07<\/small><br \/>\r\nApple MacOS (INTEL)                                <\/a>\n                            <\/div>\n                                                                                                    <div class=\"col-xs is-inset-bottom-12-mobile bloc-hp-telechargement-bloc reveal reveal-visible-1 up is-inset-bottom-24\">\n                                <a href=\"https:\/\/www.weshareenergy.lu\/wp-content\/uploads\/2025\/09\/WeShareEnergy_MAC_aarch64.zip\" target=\"_blank\"\n                                    class=\"button button-apple \"\n                                    aria-label=\"T\u00e9l\u00e9charger l'application en  Version 1.07\r\nApple MacOS (ARM)\">\n                                    <small>Version 1.07<\/small><br \/>\r\nApple MacOS (ARM)                                <\/a>\n                            <\/div>\n                                                                                            <\/div>\n                    <div class=\"bloc-hp-telechargement-instruction is-inset-top-16 reveal reveal-visible-1 up\">\n                        <p>Die Installation erfolgt, indem Sie die ZIP-Datei einmalig auf Ihrem Computer entpacken. Klicken Sie anschlie\u00dfend mit der rechten Maustaste auf die Datei \u201eWe Share Energy.exe\u201c (Windows) bzw. auf \u201eWe Share Energy.app\u201c (MAC).<\/p>\n<p><a href=\"https:\/\/www.weshareenergy.lu\/wp-content\/uploads\/2026\/03\/WeShareEnergy_Mode-d-emploi-4.pdf\" target=\"_blank\" rel=\"noopener\">Das Benutzerhandbuch f\u00fcr dieses Programm finden Sie HIER<\/a>.<\/p>\n<p>Erkl\u00e4rvideo auf <a href=\"https:\/\/www.youtube.com\/watch?v=T_t8VwwyOHE\" target=\"_blank\" rel=\"noopener\">FRANZ\u00d6SISCH<\/a>, <a href=\"https:\/\/www.youtube.com\/watch?v=eQYd1Cdw_s4\" target=\"_blank\" rel=\"noopener\">DEUTSCH<\/a> und <a href=\"https:\/\/www.youtube.com\/watch?v=8pBJnND_MsM\" target=\"_blank\" rel=\"noopener\">ENGLISCH<\/a>.<\/p>\n                    <\/div>\n                <\/div>\n            <\/div>\n            <div class=\"col-xs-10 col-md-4 is-inset-top-20-mobile col-xs-offset-1 reveal reveal-visible-1 up\">\n                <div class=\"bloc-hp-telechargement-visuel bg-white-right\"><img decoding=\"async\" src=\"https:\/\/www.weshareenergy.lu\/wp-content\/uploads\/2023\/08\/graph-logiciel_v2.svg\"><\/div>\n            <\/div>\n        <\/div>\n    <\/div>\n<\/section>","protected":false},"excerpt":{"rendered":"<p>Besitzer einer Erzeugungsanlage (z.B. einer Photovoltaikanlage) k\u00f6nnen den von ihnen erzeugten Strom mit anderen Verbrauchern teilen. Folglich sind Sie nicht gezwungen, Ihren gesamten Strom von einem Lieferanten zu kaufen. Der geteilte Strom ist dabei sogar frei von Steuern und Abgaben ! Mit dem Programm \u201eWe Share Energy\u201c k\u00f6nnen Sie Ihre Verbrauchs- oder Produktionswerte einsehen und [&hellip;]<\/p>\n","protected":false},"author":1,"featured_media":0,"parent":0,"menu_order":0,"comment_status":"closed","ping_status":"closed","template":"","meta":{"_acf_changed":false,"footnotes":""},"class_list":["post-4039","page","type-page","status-publish","hentry"],"acf":[],"_links":{"self":[{"href":"https:\/\/www.weshareenergy.lu\/de\/wp-json\/wp\/v2\/pages\/4039","targetHints":{"allow":["GET"]}}],"collection":[{"href":"https:\/\/www.weshareenergy.lu\/de\/wp-json\/wp\/v2\/pages"}],"about":[{"href":"https:\/\/www.weshareenergy.lu\/de\/wp-json\/wp\/v2\/types\/page"}],"author":[{"embeddable":true,"href":"https:\/\/www.weshareenergy.lu\/de\/wp-json\/wp\/v2\/users\/1"}],"replies":[{"embeddable":true,"href":"https:\/\/www.weshareenergy.lu\/de\/wp-json\/wp\/v2\/comments?post=4039"}],"version-history":[{"count":21,"href":"https:\/\/www.weshareenergy.lu\/de\/wp-json\/wp\/v2\/pages\/4039\/revisions"}],"predecessor-version":[{"id":5184,"href":"https:\/\/www.weshareenergy.lu\/de\/wp-json\/wp\/v2\/pages\/4039\/revisions\/5184"}],"wp:attachment":[{"href":"https:\/\/www.weshareenergy.lu\/de\/wp-json\/wp\/v2\/media?parent=4039"}],"curies":[{"name":"wp","href":"https:\/\/api.w.org\/{rel}","templated":true}]}}